{"id":103,"date":"2022-12-29T21:05:34","date_gmt":"2022-12-29T20:05:34","guid":{"rendered":"https:\/\/armureriesanseigne.com\/?page_id=103"},"modified":"2025-01-06T16:36:47","modified_gmt":"2025-01-06T15:36:47","slug":"prestations","status":"publish","type":"page","link":"https:\/\/armureriesanseigne.com\/index.php\/prestations\/","title":{"rendered":"Prestations"},"content":{"rendered":"\t\t<div data-elementor-type=\"wp-page\" data-elementor-id=\"103\" class=\"elementor elementor-103\">\n\t\t\t\t\t\t\t\t\t<section class=\"elementor-section elementor-top-section elementor-element elementor-element-f47579c elementor-section-boxed elementor-section-height-default elementor-section-height-default wpr-particle-no wpr-jarallax-no wpr-parallax-no wpr-sticky-section-no\" data-id=\"f47579c\" data-element_type=\"section\">\n\t\t\t\t\t\t<div class=\"elementor-container elementor-column-gap-default\">\n\t\t\t\t\t<div class=\"elementor-column elementor-col-100 elementor-top-column elementor-element elementor-element-5b2a426\" data-id=\"5b2a426\" data-element_type=\"column\">\n\t\t\t<div class=\"elementor-widget-wrap elementor-element-populated\">\n\t\t\t\t\t\t\t\t<div class=\"elementor-element elementor-element-8f05239 elementor-widget elementor-widget-text-editor\" data-id=\"8f05239\" data-element_type=\"widget\" data-widget_type=\"text-editor.default\">\n\t\t\t\t<div class=\"elementor-widget-container\">\n\t\t\t<style>\/*! elementor - v3.9.2 - 21-12-2022 *\/\n.elementor-widget-text-editor.elementor-drop-cap-view-stacked .elementor-drop-cap{background-color:#818a91;color:#fff}.elementor-widget-text-editor.elementor-drop-cap-view-framed .elementor-drop-cap{color:#818a91;border:3px solid;background-color:transparent}.elementor-widget-text-editor:not(.elementor-drop-cap-view-default) .elementor-drop-cap{margin-top:8px}.elementor-widget-text-editor:not(.elementor-drop-cap-view-default) .elementor-drop-cap-letter{width:1em;height:1em}.elementor-widget-text-editor .elementor-drop-cap{float:left;text-align:center;line-height:1;font-size:50px}.elementor-widget-text-editor .elementor-drop-cap-letter{display:inline-block}<\/style>\t\t\t\t<div><p>\u00a0 \u00a0 Nous nous tenons \u00e0 votre service pour toutes r\u00e9parations ainsi que la mise \u00e0 conformit\u00e9 de vos armes, l&#8217;entretien ou encore la pose d&#8217;optiques.<\/p><p>\u00a0 \u00a0 Le terrain de tir nous\u00a0offre la possibilit\u00e9\u00a0de v\u00e9rifier, de r\u00e9gler votre arme de 50 \u00e0 150 m selon vos exigences.\u00a0<\/p><\/div><div>\u00a0<\/div>\t\t\t\t\t\t<\/div>\n\t\t\t\t<\/div>\n\t\t\t\t\t<\/div>\n\t\t<\/div>\n\t\t\t\t\t\t\t<\/div>\n\t\t<\/section>\n\t\t\t\t<section class=\"elementor-section elementor-top-section elementor-element elementor-element-698cbbe elementor-section-boxed elementor-section-height-default elementor-section-height-default wpr-particle-no wpr-jarallax-no wpr-parallax-no wpr-sticky-section-no\" data-id=\"698cbbe\" data-element_type=\"section\">\n\t\t\t\t\t\t<div class=\"elementor-container elementor-column-gap-default\">\n\t\t\t\t\t<div class=\"elementor-column elementor-col-100 elementor-top-column elementor-element elementor-element-47297b8\" data-id=\"47297b8\" data-element_type=\"column\">\n\t\t\t<div class=\"elementor-widget-wrap elementor-element-populated\">\n\t\t\t\t\t\t\t\t<div class=\"elementor-element elementor-element-5346e0c elementor-widget elementor-widget-image\" data-id=\"5346e0c\" data-element_type=\"widget\" data-widget_type=\"image.default\">\n\t\t\t\t<div class=\"elementor-widget-container\">\n\t\t\t<style>\/*! elementor - v3.9.2 - 21-12-2022 *\/\n.elementor-widget-image{text-align:center}.elementor-widget-image a{display:inline-block}.elementor-widget-image a img[src$=\".svg\"]{width:48px}.elementor-widget-image img{vertical-align:middle;display:inline-block}<\/style>\t\t\t\t\t\t\t\t\t\t\t\t<img loading=\"lazy\" decoding=\"async\" width=\"1024\" height=\"499\" src=\"https:\/\/armureriesanseigne.com\/wp-content\/uploads\/2025\/01\/photo-arras-armurerie-11-1024x499.jpg\" class=\"attachment-large size-large wp-image-1296\" alt=\"\" srcset=\"https:\/\/armureriesanseigne.com\/wp-content\/uploads\/2025\/01\/photo-arras-armurerie-11-1024x499.jpg 1024w, https:\/\/armureriesanseigne.com\/wp-content\/uploads\/2025\/01\/photo-arras-armurerie-11-300x146.jpg 300w, https:\/\/armureriesanseigne.com\/wp-content\/uploads\/2025\/01\/photo-arras-armurerie-11-768x374.jpg 768w, https:\/\/armureriesanseigne.com\/wp-content\/uploads\/2025\/01\/photo-arras-armurerie-11.jpg 1280w\" sizes=\"auto, (max-width: 1024px) 100vw, 1024px\" \/>\t\t\t\t\t\t\t\t\t\t\t\t\t\t\t<\/div>\n\t\t\t\t<\/div>\n\t\t\t\t\t<\/div>\n\t\t<\/div>\n\t\t\t\t\t\t\t<\/div>\n\t\t<\/section>\n\t\t\t\t\t\t\t<\/div>\n\t\t","protected":false},"excerpt":{"rendered":"<p>\u00a0 \u00a0 Nous nous tenons \u00e0 votre service pour toutes r\u00e9parations ainsi que la mise \u00e0 conformit\u00e9 de vos armes, l&#8217;entretien ou encore la pose d&#8217;optiques. \u00a0 \u00a0 Le terrain de tir nous\u00a0offre la possibilit\u00e9\u00a0de v\u00e9rifier, de r\u00e9gler votre arme de 50 \u00e0 150 m selon vos exigences.\u00a0 \u00a0<\/p>\n","protected":false},"author":1,"featured_media":901,"parent":0,"menu_order":0,"comment_status":"closed","ping_status":"closed","template":"page-templates\/template-pagebuilder-full-width.php","meta":{"neve_meta_sidebar":"","neve_meta_container":"","neve_meta_enable_content_width":"","neve_meta_content_width":0,"neve_meta_title_alignment":"","neve_meta_author_avatar":"","neve_post_elements_order":"","neve_meta_disable_header":"","neve_meta_disable_footer":"","neve_meta_disable_title":"","footnotes":""},"class_list":["post-103","page","type-page","status-publish","has-post-thumbnail","hentry"],"_links":{"self":[{"href":"https:\/\/armureriesanseigne.com\/index.php\/wp-json\/wp\/v2\/pages\/103","targetHints":{"allow":["GET"]}}],"collection":[{"href":"https:\/\/armureriesanseigne.com\/index.php\/wp-json\/wp\/v2\/pages"}],"about":[{"href":"https:\/\/armureriesanseigne.com\/index.php\/wp-json\/wp\/v2\/types\/page"}],"author":[{"embeddable":true,"href":"https:\/\/armureriesanseigne.com\/index.php\/wp-json\/wp\/v2\/users\/1"}],"replies":[{"embeddable":true,"href":"https:\/\/armureriesanseigne.com\/index.php\/wp-json\/wp\/v2\/comments?post=103"}],"version-history":[{"count":11,"href":"https:\/\/armureriesanseigne.com\/index.php\/wp-json\/wp\/v2\/pages\/103\/revisions"}],"predecessor-version":[{"id":1299,"href":"https:\/\/armureriesanseigne.com\/index.php\/wp-json\/wp\/v2\/pages\/103\/revisions\/1299"}],"wp:featuredmedia":[{"embeddable":true,"href":"https:\/\/armureriesanseigne.com\/index.php\/wp-json\/wp\/v2\/media\/901"}],"wp:attachment":[{"href":"https:\/\/armureriesanseigne.com\/index.php\/wp-json\/wp\/v2\/media?parent=103"}],"curies":[{"name":"wp","href":"https:\/\/api.w.org\/{rel}","templated":true}]}}